{"id":96,"date":"2014-03-21T20:53:18","date_gmt":"2014-03-21T19:53:18","guid":{"rendered":"http:\/\/oniros.fr\/forum\/?page_id=96"},"modified":"2014-03-27T10:50:53","modified_gmt":"2014-03-27T09:50:53","slug":"onirama","status":"publish","type":"page","link":"https:\/\/oniros.fr\/forum\/","title":{"rendered":"Onirama"},"content":{"rendered":"\n<div id=\"bbpress-forums\" class=\"bbpress-wrapper\">\n\n\t<div class=\"bbp-breadcrumb\"><p><a href=\"https:\/\/oniros.fr\/forum\" class=\"bbp-breadcrumb-home\">Onirama<\/a> <span class=\"bbp-breadcrumb-sep\">&rsaquo;<\/span> <a href=\"https:\/\/oniros.fr\/forum\/forums\/\" class=\"bbp-breadcrumb-root\">Forums<\/a> <span class=\"bbp-breadcrumb-sep\">&rsaquo;<\/span> <span class=\"bbp-breadcrumb-current\">Onirama<\/span><\/p><\/div>\n\t\n\t\n\t\n\t\t<div class=\"bbp-template-notice info\"><ul><li class=\"bbp-forum-description\">Ce forum contient 10 sujets et 29 r&eacute;ponses, et a \u00e9t\u00e9 mis \u00e0 jour pour la derni\u00e8re fois par <a href=\"https:\/\/oniros.fr\/forum\/membres\/roger2\/\" title=\"Voir le profil de roger2\" class=\"bbp-author-link\"><span  class=\"bbp-author-avatar\"><img alt='' src='https:\/\/oniros.fr\/forum\/wp-content\/uploads\/avatars\/25\/91c188ee8afd39c597bb9b789acb4297-bpthumb.jpg' srcset='https:\/\/oniros.fr\/forum\/wp-content\/uploads\/avatars\/25\/91c188ee8afd39c597bb9b789acb4297-bpthumb.jpg 2x' class='avatar avatar-14 photo' height='14' width='14' loading='lazy'\/><\/span><span  class=\"bbp-author-name\">roger2<\/span><\/a> le <a href=\"https:\/\/oniros.fr\/forum\/topic\/reve-au-plan-social\/#post-336\" title=\"R\u00e9pondre \u00e0\u00a0: R&ecirc;ve au plan social\">il y a 10 ann\u00e9es et 5 mois<\/a>.<\/li><\/ul><\/div>\n\t\t\n\t\t\n\t\t\t\n<div class=\"bbp-pagination\">\n\t<div class=\"bbp-pagination-count\">10 sujets de 1 \u00e0 10 (sur un total de 10)<\/div>\n\t<div class=\"bbp-pagination-links\"><\/div>\n<\/div>\n\n\n\t\t\t\n<ul id=\"bbp-forum-100\" class=\"bbp-topics\">\n\t<li class=\"bbp-header\">\n\t\t<ul class=\"forum-titles\">\n\t\t\t<li class=\"bbp-topic-title\">Sujet<\/li>\n\t\t\t<li class=\"bbp-topic-voice-count\">Participants<\/li>\n\t\t\t<li class=\"bbp-topic-reply-count\">Messages<\/li>\n\t\t\t<li class=\"bbp-topic-freshness\">Derni\u00e8re publication<\/li>\n\t\t<\/ul>\n\t<\/li>\n\n\t<li class=\"bbp-body\">\n\n\t\t\n\t\t\t\n<ul id=\"bbp-topic-104\" class=\"loop-item-0 user-id-1 bbp-parent-forum-100 odd  post-104 topic type-topic status-publish hentry\">\n\t<li class=\"bbp-topic-title\">\n\n\t\t\n\t\t\n\t\t<a class=\"bbp-topic-permalink\" href=\"https:\/\/oniros.fr\/forum\/topic\/reve-au-plan-social\/\">R&ecirc;ve au plan social<\/a>\n\n\t\t\n\t\t\n\t\t\n\t\t<p class=\"bbp-topic-meta\">\n\n\t\t\t\n\t\t\t<span class=\"bbp-topic-started-by\">D&eacute;marr&eacute; par: <a href=\"https:\/\/oniros.fr\/forum\/membres\/patrick\/\" title=\"Voir le profil de Patrick\" class=\"bbp-author-link\"><span  class=\"bbp-author-avatar\"><img alt='' src='https:\/\/oniros.fr\/forum\/wp-content\/uploads\/avatars\/1\/57ee59458d6c3-bpthumb.jpg' srcset='https:\/\/oniros.fr\/forum\/wp-content\/uploads\/avatars\/1\/57ee59458d6c3-bpthumb.jpg 2x' class='avatar avatar-14 photo' height='14' width='14' loading='lazy'\/><\/span><span  class=\"bbp-author-name\">Patrick<\/span><\/a><\/span>\n\n\t\t\t\n\t\t\t\n\t\t<\/p>\n\n\t\t\n\t\t\n\t<\/li>\n\n\t<li class=\"bbp-topic-voice-count\">3<\/li>\n\n\t<li class=\"bbp-topic-reply-count\">4<\/li>\n\n\t<li class=\"bbp-topic-freshness\">\n\n\t\t\n\t\t<a href=\"https:\/\/oniros.fr\/forum\/topic\/reve-au-plan-social\/#post-336\" title=\"R\u00e9pondre \u00e0\u00a0: R&ecirc;ve au plan social\">il y a 10 ann\u00e9es et 5 mois<\/a>\n\t\t\n\t\t<p class=\"bbp-topic-meta\">\n\n\t\t\t\n\t\t\t<span class=\"bbp-topic-freshness-author\"><a href=\"https:\/\/oniros.fr\/forum\/membres\/roger2\/\" title=\"Voir le profil de roger2\" class=\"bbp-author-link\"><span  class=\"bbp-author-avatar\"><img alt='' src='https:\/\/oniros.fr\/forum\/wp-content\/uploads\/avatars\/25\/91c188ee8afd39c597bb9b789acb4297-bpthumb.jpg' srcset='https:\/\/oniros.fr\/forum\/wp-content\/uploads\/avatars\/25\/91c188ee8afd39c597bb9b789acb4297-bpthumb.jpg 2x' class='avatar avatar-14 photo' height='14' width='14' loading='lazy'\/><\/span><span  class=\"bbp-author-name\">roger2<\/span><\/a><\/span>\n\n\t\t\t\n\t\t<\/p>\n\t<\/li>\n<\/ul><!-- #bbp-topic-104 -->\n\n\t\t\n\t\t\t\n<ul id=\"bbp-topic-114\" class=\"loop-item-1 user-id-1 bbp-parent-forum-100 even  post-114 topic type-topic status-publish hentry\">\n\t<li class=\"bbp-topic-title\">\n\n\t\t\n\t\t\n\t\t<a class=\"bbp-topic-permalink\" href=\"https:\/\/oniros.fr\/forum\/topic\/reve-en-general\/\">R&ecirc;ve en g&eacute;n&eacute;ral<\/a>\n\n\t\t\n\t\t\n\t\t\n\t\t<p class=\"bbp-topic-meta\">\n\n\t\t\t\n\t\t\t<span class=\"bbp-topic-started-by\">D&eacute;marr&eacute; par: <a href=\"https:\/\/oniros.fr\/forum\/membres\/patrick\/\" title=\"Voir le profil de Patrick\" class=\"bbp-author-link\"><span  class=\"bbp-author-avatar\"><img alt='' src='https:\/\/oniros.fr\/forum\/wp-content\/uploads\/avatars\/1\/57ee59458d6c3-bpthumb.jpg' srcset='https:\/\/oniros.fr\/forum\/wp-content\/uploads\/avatars\/1\/57ee59458d6c3-bpthumb.jpg 2x' class='avatar avatar-14 photo' height='14' width='14' loading='lazy'\/><\/span><span  class=\"bbp-author-name\">Patrick<\/span><\/a><\/span>\n\n\t\t\t\n\t\t\t\n\t\t<\/p>\n\n\t\t\n\t\t\n\t<\/li>\n\n\t<li class=\"bbp-topic-voice-count\">3<\/li>\n\n\t<li class=\"bbp-topic-reply-count\">3<\/li>\n\n\t<li class=\"bbp-topic-freshness\">\n\n\t\t\n\t\t<a href=\"https:\/\/oniros.fr\/forum\/topic\/reve-en-general\/#post-317\" title=\"R\u00e9pondre \u00e0\u00a0: R&ecirc;ve en g&eacute;n&eacute;ral\">il y a 10 ann\u00e9es et 7 mois<\/a>\n\t\t\n\t\t<p class=\"bbp-topic-meta\">\n\n\t\t\t\n\t\t\t<span class=\"bbp-topic-freshness-author\"><a href=\"https:\/\/oniros.fr\/forum\/membres\/bio-transition\/\" title=\"Voir le profil de Bio-transition\" class=\"bbp-author-link\"><span  class=\"bbp-author-avatar\"><img alt='' src='\/\/www.gravatar.com\/avatar\/24e815dfd2eafe7603f6b7c7db1a3982?s=14&#038;r=g&#038;d=identicon' srcset='\/\/www.gravatar.com\/avatar\/24e815dfd2eafe7603f6b7c7db1a3982?s=14&#038;r=g&#038;d=identicon 2x' class='avatar avatar-14 photo' height='14' width='14' loading='lazy'\/><\/span><span  class=\"bbp-author-name\">Bio-transition<\/span><\/a><\/span>\n\n\t\t\t\n\t\t<\/p>\n\t<\/li>\n<\/ul><!-- #bbp-topic-114 -->\n\n\t\t\n\t\t\t\n<ul id=\"bbp-topic-293\" class=\"loop-item-2 user-id-3 bbp-parent-forum-100 odd  post-293 topic type-topic status-publish hentry\">\n\t<li class=\"bbp-topic-title\">\n\n\t\t\n\t\t\n\t\t<a class=\"bbp-topic-permalink\" href=\"https:\/\/oniros.fr\/forum\/topic\/troubles-du-sommeil\/\">Troubles du sommeil<\/a>\n\n\t\t\n\t\t\n\t\t\n\t\t<p class=\"bbp-topic-meta\">\n\n\t\t\t\n\t\t\t<span class=\"bbp-topic-started-by\">D&eacute;marr&eacute; par: <a href=\"https:\/\/oniros.fr\/forum\/membres\/roger\/\" title=\"Voir le profil de roger\" class=\"bbp-author-link\"><span  class=\"bbp-author-avatar\"><img alt='' src='https:\/\/oniros.fr\/forum\/wp-content\/uploads\/avatars\/3\/819dc9dc3fe331ea3b25554206a62506-bpthumb.jpg' srcset='https:\/\/oniros.fr\/forum\/wp-content\/uploads\/avatars\/3\/819dc9dc3fe331ea3b25554206a62506-bpthumb.jpg 2x' class='avatar avatar-14 photo' height='14' width='14' loading='lazy'\/><\/span><span  class=\"bbp-author-name\">roger<\/span><\/a><\/span>\n\n\t\t\t\n\t\t\t\n\t\t<\/p>\n\n\t\t\n\t\t\n\t<\/li>\n\n\t<li class=\"bbp-topic-voice-count\">2<\/li>\n\n\t<li class=\"bbp-topic-reply-count\">2<\/li>\n\n\t<li class=\"bbp-topic-freshness\">\n\n\t\t\n\t\t<a href=\"https:\/\/oniros.fr\/forum\/topic\/troubles-du-sommeil\/#post-316\" title=\"R\u00e9pondre \u00e0\u00a0: Troubles du sommeil\">il y a 10 ann\u00e9es et 7 mois<\/a>\n\t\t\n\t\t<p class=\"bbp-topic-meta\">\n\n\t\t\t\n\t\t\t<span class=\"bbp-topic-freshness-author\"><a href=\"https:\/\/oniros.fr\/forum\/membres\/bio-transition\/\" title=\"Voir le profil de Bio-transition\" class=\"bbp-author-link\"><span  class=\"bbp-author-avatar\"><img alt='' src='\/\/www.gravatar.com\/avatar\/24e815dfd2eafe7603f6b7c7db1a3982?s=14&#038;r=g&#038;d=identicon' srcset='\/\/www.gravatar.com\/avatar\/24e815dfd2eafe7603f6b7c7db1a3982?s=14&#038;r=g&#038;d=identicon 2x' class='avatar avatar-14 photo' height='14' width='14' loading='lazy'\/><\/span><span  class=\"bbp-author-name\">Bio-transition<\/span><\/a><\/span>\n\n\t\t\t\n\t\t<\/p>\n\t<\/li>\n<\/ul><!-- #bbp-topic-293 -->\n\n\t\t\n\t\t\t\n<ul id=\"bbp-topic-109\" class=\"loop-item-3 user-id-1 bbp-parent-forum-100 even  post-109 topic type-topic status-publish hentry\">\n\t<li class=\"bbp-topic-title\">\n\n\t\t\n\t\t\n\t\t<a class=\"bbp-topic-permalink\" href=\"https:\/\/oniros.fr\/forum\/topic\/interpretation\/\">Interpretation<\/a>\n\n\t\t\n\t\t\n\t\t\n\t\t<p class=\"bbp-topic-meta\">\n\n\t\t\t\n\t\t\t<span class=\"bbp-topic-started-by\">D&eacute;marr&eacute; par: <a href=\"https:\/\/oniros.fr\/forum\/membres\/patrick\/\" title=\"Voir le profil de Patrick\" class=\"bbp-author-link\"><span  class=\"bbp-author-avatar\"><img alt='' src='https:\/\/oniros.fr\/forum\/wp-content\/uploads\/avatars\/1\/57ee59458d6c3-bpthumb.jpg' srcset='https:\/\/oniros.fr\/forum\/wp-content\/uploads\/avatars\/1\/57ee59458d6c3-bpthumb.jpg 2x' class='avatar avatar-14 photo' height='14' width='14' loading='lazy'\/><\/span><span  class=\"bbp-author-name\">Patrick<\/span><\/a><\/span>\n\n\t\t\t\n\t\t\t\n\t\t<\/p>\n\n\t\t\n\t\t\n\t<\/li>\n\n\t<li class=\"bbp-topic-voice-count\">3<\/li>\n\n\t<li class=\"bbp-topic-reply-count\">3<\/li>\n\n\t<li class=\"bbp-topic-freshness\">\n\n\t\t\n\t\t<a href=\"https:\/\/oniros.fr\/forum\/topic\/interpretation\/#post-296\" title=\"R\u00e9pondre \u00e0\u00a0: Interpretation\">il y a 11 ann\u00e9es et 1 mois<\/a>\n\t\t\n\t\t<p class=\"bbp-topic-meta\">\n\n\t\t\t\n\t\t\t<span class=\"bbp-topic-freshness-author\"><a href=\"https:\/\/oniros.fr\/forum\/membres\/roger\/\" title=\"Voir le profil de roger\" class=\"bbp-author-link\"><span  class=\"bbp-author-avatar\"><img alt='' src='https:\/\/oniros.fr\/forum\/wp-content\/uploads\/avatars\/3\/819dc9dc3fe331ea3b25554206a62506-bpthumb.jpg' srcset='https:\/\/oniros.fr\/forum\/wp-content\/uploads\/avatars\/3\/819dc9dc3fe331ea3b25554206a62506-bpthumb.jpg 2x' class='avatar avatar-14 photo' height='14' width='14' loading='lazy'\/><\/span><span  class=\"bbp-author-name\">roger<\/span><\/a><\/span>\n\n\t\t\t\n\t\t<\/p>\n\t<\/li>\n<\/ul><!-- #bbp-topic-109 -->\n\n\t\t\n\t\t\t\n<ul id=\"bbp-topic-291\" class=\"loop-item-4 user-id-36 bbp-parent-forum-100 odd  post-291 topic type-topic status-publish hentry\">\n\t<li class=\"bbp-topic-title\">\n\n\t\t\n\t\t\n\t\t<a class=\"bbp-topic-permalink\" href=\"https:\/\/oniros.fr\/forum\/topic\/reves-et-dessins\/\">R\u00eaves et dessins<\/a>\n\n\t\t\n\t\t\n\t\t\n\t\t<p class=\"bbp-topic-meta\">\n\n\t\t\t\n\t\t\t<span class=\"bbp-topic-started-by\">D&eacute;marr&eacute; par: <a href=\"https:\/\/oniros.fr\/forum\/membres\/boulay\/\" title=\"Voir le profil de Boulay\" class=\"bbp-author-link\"><span  class=\"bbp-author-avatar\"><img alt='' src='\/\/www.gravatar.com\/avatar\/710ff79d7c34330a757d7801c502086d?s=14&#038;r=g&#038;d=identicon' srcset='\/\/www.gravatar.com\/avatar\/710ff79d7c34330a757d7801c502086d?s=14&#038;r=g&#038;d=identicon 2x' class='avatar avatar-14 photo' height='14' width='14' loading='lazy'\/><\/span><span  class=\"bbp-author-name\">Boulay<\/span><\/a><\/span>\n\n\t\t\t\n\t\t\t\n\t\t<\/p>\n\n\t\t\n\t\t\n\t<\/li>\n\n\t<li class=\"bbp-topic-voice-count\">1<\/li>\n\n\t<li class=\"bbp-topic-reply-count\">1<\/li>\n\n\t<li class=\"bbp-topic-freshness\">\n\n\t\t\n\t\t<a href=\"https:\/\/oniros.fr\/forum\/topic\/reves-et-dessins\/\" title=\"R\u00eaves et dessins\">il y a 11 ann\u00e9es et 5 mois<\/a>\n\t\t\n\t\t<p class=\"bbp-topic-meta\">\n\n\t\t\t\n\t\t\t<span class=\"bbp-topic-freshness-author\"><a href=\"https:\/\/oniros.fr\/forum\/membres\/boulay\/\" title=\"Voir le profil de Boulay\" class=\"bbp-author-link\"><span  class=\"bbp-author-avatar\"><img alt='' src='\/\/www.gravatar.com\/avatar\/710ff79d7c34330a757d7801c502086d?s=14&#038;r=g&#038;d=identicon' srcset='\/\/www.gravatar.com\/avatar\/710ff79d7c34330a757d7801c502086d?s=14&#038;r=g&#038;d=identicon 2x' class='avatar avatar-14 photo' height='14' width='14' loading='lazy'\/><\/span><span  class=\"bbp-author-name\">Boulay<\/span><\/a><\/span>\n\n\t\t\t\n\t\t<\/p>\n\t<\/li>\n<\/ul><!-- #bbp-topic-291 -->\n\n\t\t\n\t\t\t\n<ul id=\"bbp-topic-287\" class=\"loop-item-5 user-id-4 bbp-parent-forum-100 even  post-287 topic type-topic status-publish hentry\">\n\t<li class=\"bbp-topic-title\">\n\n\t\t\n\t\t\n\t\t<a class=\"bbp-topic-permalink\" href=\"https:\/\/oniros.fr\/forum\/topic\/entrevue-radio-sur-les-reves\/\">Entrevue radio sur les r\u00eaves<\/a>\n\n\t\t\n\t\t\n\t\t\n\t\t<p class=\"bbp-topic-meta\">\n\n\t\t\t\n\t\t\t<span class=\"bbp-topic-started-by\">D&eacute;marr&eacute; par: <a href=\"https:\/\/oniros.fr\/forum\/membres\/carole\/\" title=\"Voir le profil de Carole\" class=\"bbp-author-link\"><span  class=\"bbp-author-avatar\"><img alt='' src='https:\/\/oniros.fr\/forum\/wp-content\/uploads\/avatars\/4\/c2ba1377e073399669f8386ad625c884-bpthumb.jpg' srcset='https:\/\/oniros.fr\/forum\/wp-content\/uploads\/avatars\/4\/c2ba1377e073399669f8386ad625c884-bpthumb.jpg 2x' class='avatar avatar-14 photo' height='14' width='14' loading='lazy'\/><\/span><span  class=\"bbp-author-name\">Carole<\/span><\/a><\/span>\n\n\t\t\t\n\t\t\t\n\t\t<\/p>\n\n\t\t\n\t\t\n\t<\/li>\n\n\t<li class=\"bbp-topic-voice-count\">2<\/li>\n\n\t<li class=\"bbp-topic-reply-count\">2<\/li>\n\n\t<li class=\"bbp-topic-freshness\">\n\n\t\t\n\t\t<a href=\"https:\/\/oniros.fr\/forum\/topic\/entrevue-radio-sur-les-reves\/#post-290\" title=\"R\u00e9pondre \u00e0\u00a0: Entrevue radio sur les r\u00eaves\">il y a 11 ann\u00e9es et 5 mois<\/a>\n\t\t\n\t\t<p class=\"bbp-topic-meta\">\n\n\t\t\t\n\t\t\t<span class=\"bbp-topic-freshness-author\"><a href=\"https:\/\/oniros.fr\/forum\/membres\/roger\/\" title=\"Voir le profil de roger\" class=\"bbp-author-link\"><span  class=\"bbp-author-avatar\"><img alt='' src='https:\/\/oniros.fr\/forum\/wp-content\/uploads\/avatars\/3\/819dc9dc3fe331ea3b25554206a62506-bpthumb.jpg' srcset='https:\/\/oniros.fr\/forum\/wp-content\/uploads\/avatars\/3\/819dc9dc3fe331ea3b25554206a62506-bpthumb.jpg 2x' class='avatar avatar-14 photo' height='14' width='14' loading='lazy'\/><\/span><span  class=\"bbp-author-name\">roger<\/span><\/a><\/span>\n\n\t\t\t\n\t\t<\/p>\n\t<\/li>\n<\/ul><!-- #bbp-topic-287 -->\n\n\t\t\n\t\t\t\n<ul id=\"bbp-topic-111\" class=\"loop-item-6 user-id-1 bbp-parent-forum-100 odd  post-111 topic type-topic status-publish hentry\">\n\t<li class=\"bbp-topic-title\">\n\n\t\t\n\t\t\n\t\t<a class=\"bbp-topic-permalink\" href=\"https:\/\/oniros.fr\/forum\/topic\/cauchemars\/\">Cauchemars<\/a>\n\n\t\t\n\t\t\n\t\t\n\t\t<p class=\"bbp-topic-meta\">\n\n\t\t\t\n\t\t\t<span class=\"bbp-topic-started-by\">D&eacute;marr&eacute; par: <a href=\"https:\/\/oniros.fr\/forum\/membres\/patrick\/\" title=\"Voir le profil de Patrick\" class=\"bbp-author-link\"><span  class=\"bbp-author-avatar\"><img alt='' src='https:\/\/oniros.fr\/forum\/wp-content\/uploads\/avatars\/1\/57ee59458d6c3-bpthumb.jpg' srcset='https:\/\/oniros.fr\/forum\/wp-content\/uploads\/avatars\/1\/57ee59458d6c3-bpthumb.jpg 2x' class='avatar avatar-14 photo' height='14' width='14' loading='lazy'\/><\/span><span  class=\"bbp-author-name\">Patrick<\/span><\/a><\/span>\n\n\t\t\t\n\t\t\t\n\t\t<\/p>\n\n\t\t\n\t\t\n\t<\/li>\n\n\t<li class=\"bbp-topic-voice-count\">3<\/li>\n\n\t<li class=\"bbp-topic-reply-count\">6<\/li>\n\n\t<li class=\"bbp-topic-freshness\">\n\n\t\t\n\t\t<a href=\"https:\/\/oniros.fr\/forum\/topic\/cauchemars\/#post-285\" title=\"R\u00e9pondre \u00e0\u00a0: Cauchemars\">il y a 11 ann\u00e9es et 6 mois<\/a>\n\t\t\n\t\t<p class=\"bbp-topic-meta\">\n\n\t\t\t\n\t\t\t<span class=\"bbp-topic-freshness-author\"><a href=\"https:\/\/oniros.fr\/forum\/membres\/carole\/\" title=\"Voir le profil de Carole\" class=\"bbp-author-link\"><span  class=\"bbp-author-avatar\"><img alt='' src='https:\/\/oniros.fr\/forum\/wp-content\/uploads\/avatars\/4\/c2ba1377e073399669f8386ad625c884-bpthumb.jpg' srcset='https:\/\/oniros.fr\/forum\/wp-content\/uploads\/avatars\/4\/c2ba1377e073399669f8386ad625c884-bpthumb.jpg 2x' class='avatar avatar-14 photo' height='14' width='14' loading='lazy'\/><\/span><span  class=\"bbp-author-name\">Carole<\/span><\/a><\/span>\n\n\t\t\t\n\t\t<\/p>\n\t<\/li>\n<\/ul><!-- #bbp-topic-111 -->\n\n\t\t\n\t\t\t\n<ul id=\"bbp-topic-102\" class=\"loop-item-7 user-id-1 bbp-parent-forum-100 even  post-102 topic type-topic status-publish hentry\">\n\t<li class=\"bbp-topic-title\">\n\n\t\t\n\t\t\n\t\t<a class=\"bbp-topic-permalink\" href=\"https:\/\/oniros.fr\/forum\/topic\/autres\/\">Autres<\/a>\n\n\t\t\n\t\t\n\t\t\n\t\t<p class=\"bbp-topic-meta\">\n\n\t\t\t\n\t\t\t<span class=\"bbp-topic-started-by\">D&eacute;marr&eacute; par: <a href=\"https:\/\/oniros.fr\/forum\/membres\/patrick\/\" title=\"Voir le profil de Patrick\" class=\"bbp-author-link\"><span  class=\"bbp-author-avatar\"><img alt='' src='https:\/\/oniros.fr\/forum\/wp-content\/uploads\/avatars\/1\/57ee59458d6c3-bpthumb.jpg' srcset='https:\/\/oniros.fr\/forum\/wp-content\/uploads\/avatars\/1\/57ee59458d6c3-bpthumb.jpg 2x' class='avatar avatar-14 photo' height='14' width='14' loading='lazy'\/><\/span><span  class=\"bbp-author-name\">Patrick<\/span><\/a><\/span>\n\n\t\t\t\n\t\t\t\n\t\t<\/p>\n\n\t\t\n\t\t\n\t<\/li>\n\n\t<li class=\"bbp-topic-voice-count\">8<\/li>\n\n\t<li class=\"bbp-topic-reply-count\">11<\/li>\n\n\t<li class=\"bbp-topic-freshness\">\n\n\t\t\n\t\t<a href=\"https:\/\/oniros.fr\/forum\/topic\/autres\/#post-273\" title=\"R\u00e9pondre \u00e0\u00a0: Autres\">il y a 11 ann\u00e9es et 8 mois<\/a>\n\t\t\n\t\t<p class=\"bbp-topic-meta\">\n\n\t\t\t\n\t\t\t<span class=\"bbp-topic-freshness-author\"><a href=\"https:\/\/oniros.fr\/forum\/membres\/roger\/\" title=\"Voir le profil de roger\" class=\"bbp-author-link\"><span  class=\"bbp-author-avatar\"><img alt='' src='https:\/\/oniros.fr\/forum\/wp-content\/uploads\/avatars\/3\/819dc9dc3fe331ea3b25554206a62506-bpthumb.jpg' srcset='https:\/\/oniros.fr\/forum\/wp-content\/uploads\/avatars\/3\/819dc9dc3fe331ea3b25554206a62506-bpthumb.jpg 2x' class='avatar avatar-14 photo' height='14' width='14' loading='lazy'\/><\/span><span  class=\"bbp-author-name\">roger<\/span><\/a><\/span>\n\n\t\t\t\n\t\t<\/p>\n\t<\/li>\n<\/ul><!-- #bbp-topic-102 -->\n\n\t\t\n\t\t\t\n<ul id=\"bbp-topic-107\" class=\"loop-item-8 user-id-1 bbp-parent-forum-100 odd  post-107 topic type-topic status-publish hentry\">\n\t<li class=\"bbp-topic-title\">\n\n\t\t\n\t\t\n\t\t<a class=\"bbp-topic-permalink\" href=\"https:\/\/oniros.fr\/forum\/topic\/rves-lucides-et-associs\/\">R&ecirc;ves lucides et associ&eacute;s<\/a>\n\n\t\t\n\t\t\n\t\t\n\t\t<p class=\"bbp-topic-meta\">\n\n\t\t\t\n\t\t\t<span class=\"bbp-topic-started-by\">D&eacute;marr&eacute; par: <a href=\"https:\/\/oniros.fr\/forum\/membres\/patrick\/\" title=\"Voir le profil de Patrick\" class=\"bbp-author-link\"><span  class=\"bbp-author-avatar\"><img alt='' src='https:\/\/oniros.fr\/forum\/wp-content\/uploads\/avatars\/1\/57ee59458d6c3-bpthumb.jpg' srcset='https:\/\/oniros.fr\/forum\/wp-content\/uploads\/avatars\/1\/57ee59458d6c3-bpthumb.jpg 2x' class='avatar avatar-14 photo' height='14' width='14' loading='lazy'\/><\/span><span  class=\"bbp-author-name\">Patrick<\/span><\/a><\/span>\n\n\t\t\t\n\t\t\t\n\t\t<\/p>\n\n\t\t\n\t\t\n\t<\/li>\n\n\t<li class=\"bbp-topic-voice-count\">4<\/li>\n\n\t<li class=\"bbp-topic-reply-count\">6<\/li>\n\n\t<li class=\"bbp-topic-freshness\">\n\n\t\t\n\t\t<a href=\"https:\/\/oniros.fr\/forum\/topic\/rves-lucides-et-associs\/#post-264\" title=\"R\u00e9pondre \u00e0\u00a0: R&ecirc;ves lucides et associ&eacute;s\">il y a 11 ann\u00e9es et 10 mois<\/a>\n\t\t\n\t\t<p class=\"bbp-topic-meta\">\n\n\t\t\t\n\t\t\t<span class=\"bbp-topic-freshness-author\"><a href=\"https:\/\/oniros.fr\/forum\/membres\/roger\/\" title=\"Voir le profil de roger\" class=\"bbp-author-link\"><span  class=\"bbp-author-avatar\"><img alt='' src='https:\/\/oniros.fr\/forum\/wp-content\/uploads\/avatars\/3\/819dc9dc3fe331ea3b25554206a62506-bpthumb.jpg' srcset='https:\/\/oniros.fr\/forum\/wp-content\/uploads\/avatars\/3\/819dc9dc3fe331ea3b25554206a62506-bpthumb.jpg 2x' class='avatar avatar-14 photo' height='14' width='14' loading='lazy'\/><\/span><span  class=\"bbp-author-name\">roger<\/span><\/a><\/span>\n\n\t\t\t\n\t\t<\/p>\n\t<\/li>\n<\/ul><!-- #bbp-topic-107 -->\n\n\t\t\n\t\t\t\n<ul id=\"bbp-topic-263\" class=\"loop-item-9 user-id-33 bbp-parent-forum-100 even  post-263 topic type-topic status-publish hentry\">\n\t<li class=\"bbp-topic-title\">\n\n\t\t\n\t\t\n\t\t<a class=\"bbp-topic-permalink\" href=\"https:\/\/oniros.fr\/forum\/topic\/stimulation-du-cortex-frontal-a-40-hertz\/\">Stimulation du cortex frontal \u00e0 40 hertz<\/a>\n\n\t\t\n\t\t\n\t\t\n\t\t<p class=\"bbp-topic-meta\">\n\n\t\t\t\n\t\t\t<span class=\"bbp-topic-started-by\">D&eacute;marr&eacute; par: <a href=\"https:\/\/oniros.fr\/forum\/membres\/yves\/\" title=\"Voir le profil de yves\" class=\"bbp-author-link\"><span  class=\"bbp-author-avatar\"><img alt='' src='\/\/www.gravatar.com\/avatar\/980ea6656071962f43a2beb2b631047c?s=14&#038;r=g&#038;d=identicon' srcset='\/\/www.gravatar.com\/avatar\/980ea6656071962f43a2beb2b631047c?s=14&#038;r=g&#038;d=identicon 2x' class='avatar avatar-14 photo' height='14' width='14' loading='lazy'\/><\/span><span  class=\"bbp-author-name\">yves<\/span><\/a><\/span>\n\n\t\t\t\n\t\t\t\n\t\t<\/p>\n\n\t\t\n\t\t\n\t<\/li>\n\n\t<li class=\"bbp-topic-voice-count\">1<\/li>\n\n\t<li class=\"bbp-topic-reply-count\">1<\/li>\n\n\t<li class=\"bbp-topic-freshness\">\n\n\t\t\n\t\t<a href=\"https:\/\/oniros.fr\/forum\/topic\/stimulation-du-cortex-frontal-a-40-hertz\/\" title=\"Stimulation du cortex frontal \u00e0 40 hertz\">il y a 11 ann\u00e9es et 10 mois<\/a>\n\t\t\n\t\t<p class=\"bbp-topic-meta\">\n\n\t\t\t\n\t\t\t<span class=\"bbp-topic-freshness-author\"><a href=\"https:\/\/oniros.fr\/forum\/membres\/yves\/\" title=\"Voir le profil de yves\" class=\"bbp-author-link\"><span  class=\"bbp-author-avatar\"><img alt='' src='\/\/www.gravatar.com\/avatar\/980ea6656071962f43a2beb2b631047c?s=14&#038;r=g&#038;d=identicon' srcset='\/\/www.gravatar.com\/avatar\/980ea6656071962f43a2beb2b631047c?s=14&#038;r=g&#038;d=identicon 2x' class='avatar avatar-14 photo' height='14' width='14' loading='lazy'\/><\/span><span  class=\"bbp-author-name\">yves<\/span><\/a><\/span>\n\n\t\t\t\n\t\t<\/p>\n\t<\/li>\n<\/ul><!-- #bbp-topic-263 -->\n\n\t\t\n\t<\/li>\n\n\t<li class=\"bbp-footer\">\n\t\t<div class=\"tr\">\n\t\t\t<p>\n\t\t\t\t<span class=\"td colspan4\">&nbsp;<\/span>\n\t\t\t<\/p>\n\t\t<\/div><!-- .tr -->\n\t<\/li>\n<\/ul><!-- #bbp-forum-100 -->\n\n\n\t\t\t\n<div class=\"bbp-pagination\">\n\t<div class=\"bbp-pagination-count\">10 sujets de 1 \u00e0 10 (sur un total de 10)<\/div>\n\t<div class=\"bbp-pagination-links\"><\/div>\n<\/div>\n\n\n\t\t\t\n\n\n\t<div id=\"no-topic-100\" class=\"bbp-no-topic\">\n\t\t<div class=\"bbp-template-notice\">\n\t\t\t<ul>\n\t\t\t\t<li>Vous devez &ecirc;tre connect&eacute; pour cr&eacute;er de nouveaux sujets.<\/li>\n\t\t\t<\/ul>\n\t\t<\/div>\n\n\t\t\n\t\t\t\n<form method=\"post\" action=\"https:\/\/oniros.fr\/forum\/login\/\" class=\"bbp-login-form\">\n\t<fieldset class=\"bbp-form\">\n\t\t<legend>Connexion<\/legend>\n\n\t\t<div class=\"bbp-username\">\n\t\t\t<label for=\"user_login\">Identifiant: <\/label>\n\t\t\t<input type=\"text\" name=\"log\" value=\"\" size=\"20\" maxlength=\"100\" id=\"user_login\" autocomplete=\"off\" \/>\n\t\t<\/div>\n\n\t\t<div class=\"bbp-password\">\n\t\t\t<label for=\"user_pass\">Mot de passe: <\/label>\n\t\t\t<input type=\"password\" name=\"pwd\" value=\"\" size=\"20\" id=\"user_pass\" autocomplete=\"off\" \/>\n\t\t<\/div>\n\n\t\t<div class=\"bbp-remember-me\">\n\t\t\t<input type=\"checkbox\" name=\"rememberme\" value=\"forever\"  id=\"rememberme\" \/>\n\t\t\t<label for=\"rememberme\">Rester connect&eacute;<\/label>\n\t\t<\/div>\n\n\t\t\n\t\t<div class=\"bbp-submit-wrapper\">\n\n\t\t\t<button type=\"submit\" name=\"user-submit\" id=\"user-submit\" class=\"button submit user-submit\">Connexion<\/button>\n\n\t\t\t\n\t<input type=\"hidden\" name=\"user-cookie\" value=\"1\" \/>\n\n\t<input type=\"hidden\" id=\"bbp_redirect_to\" name=\"redirect_to\" value=\"https:\/\/oniros.fr\/forum\/wp-json\/wp\/v2\/pages\/96\" \/><input type=\"hidden\" id=\"_wpnonce\" name=\"_wpnonce\" value=\"cba9d3aa31\" \/><input type=\"hidden\" name=\"_wp_http_referer\" value=\"\/forum\/wp-json\/wp\/v2\/pages\/96\" \/>\n\t\t<\/div>\n\t<\/fieldset>\n<\/form>\n\n\t\t\n\t<\/div>\n\n\n\n\t\t\n\t\n\t\n<\/div>\n\n","protected":false},"excerpt":{"rendered":"","protected":false},"author":1,"featured_media":0,"parent":0,"menu_order":0,"comment_status":"closed","ping_status":"closed","template":"page-templates\/full-width.php","meta":{"_bbp_topic_count":0,"_bbp_reply_count":0,"_bbp_total_topic_count":0,"_bbp_total_reply_count":0,"_bbp_voice_count":0,"_bbp_anonymous_reply_count":0,"_bbp_topic_count_hidden":0,"_bbp_reply_count_hidden":0,"_bbp_forum_subforum_count":0},"_links":{"self":[{"href":"https:\/\/oniros.fr\/forum\/wp-json\/wp\/v2\/pages\/96"}],"collection":[{"href":"https:\/\/oniros.fr\/forum\/wp-json\/wp\/v2\/pages"}],"about":[{"href":"https:\/\/oniros.fr\/forum\/wp-json\/wp\/v2\/types\/page"}],"author":[{"embeddable":true,"href":"https:\/\/oniros.fr\/forum\/wp-json\/wp\/v2\/users\/1"}],"replies":[{"embeddable":true,"href":"https:\/\/oniros.fr\/forum\/wp-json\/wp\/v2\/comments?post=96"}],"version-history":[{"count":2,"href":"https:\/\/oniros.fr\/forum\/wp-json\/wp\/v2\/pages\/96\/revisions"}],"predecessor-version":[{"id":138,"href":"https:\/\/oniros.fr\/forum\/wp-json\/wp\/v2\/pages\/96\/revisions\/138"}],"wp:attachment":[{"href":"https:\/\/oniros.fr\/forum\/wp-json\/wp\/v2\/media?parent=96"}],"curies":[{"name":"wp","href":"https:\/\/api.w.org\/{rel}","templated":true}]}}